{"id":4690,"date":"2018-09-08T09:50:10","date_gmt":"2018-09-08T09:50:10","guid":{"rendered":"https:\/\/sino-hongli.com\/?post_type=product&amp;p=4102"},"modified":"2018-09-08T09:50:10","modified_gmt":"2018-09-08T09:50:10","slug":"hlr1000-240at1h2q-spno-40a-208-240vac-high-power-relay","status":"publish","type":"product","link":"https:\/\/goodspec.blog\/es\/producto\/hlr1000-240at1h2q-spno-40a-208-240vac-high-power-relay\/","title":{"rendered":"HLR1000-240AT1H2Q(SPNO\/40A\/208-240VAC) REL\u00c9 DE ALTA POTENCIA"},"content":{"rendered":"<p><strong>1. Aplicable y Descripci\u00f3n<\/strong>\u00a0<\/p>\n<table width=\"97%\" cellspacing=\"1\" cellpadding=\"5\" border=\"0\" bgcolor=\"#999999\" align=\"center\">\n<tbody>\n<tr valign=\"top\" bgcolor=\"#f8f8f8\">\n<td width=\"88%\" class=\"C lh15\">\n<p><strong><span color=\"#0000ff\" style=\"color: #0000ff;\">1. \u00c1mbito aplicable\u00a0<br \/><\/span>HLR1000-240AT1H2Q(SPNO\/40A\/208-240VAC) REL\u00c9 DE ALTA POTENCIA<\/strong>Principalmente es adecuado para 50 Hz o 60 Hz, el voltaje de trabajo fijo es de 240 V o 277 V, voltaje de CC a circuito de control de 220 V, es adecuado en la corriente de funcionamiento fija 40 A (AC-8a); 30 A (AC-8b) Compresor de aire acondicionado monof\u00e1sico o control de motor, tambi\u00e9n se puede usar en aparatos y equipos el\u00e9ctricos, etc., calefacci\u00f3n el\u00e9ctrica, herramienta el\u00e9ctrica y cada tipo de motor el\u00e9ctrico, este producto tiene un volumen peque\u00f1o, el peso es ligero, la p\u00e9rdida de potencia de la bobina es baja, el contacto la carga es grande, y as\u00ed sucesivamente la confiabilidad redundante.<\/p>\n<\/td>\n<\/tr>\n<tr valign=\"top\" bgcolor=\"#f8f8f8\">\n<td class=\"C lh15\">\n<p><span color=\"#0000ff\" style=\"color: #0000ff;\"><strong>2.Tipo y Significado<\/strong><\/span>\u00a0<\/p>\n<\/td>\n<\/tr>\n<\/tbody>\n<\/table>\n<table width=\"97%\" cellspacing=\"1\" cellpadding=\"5\" border=\"0\" bgcolor=\"#999999\" align=\"center\" id=\"table2\">\n<tbody>\n<tr valign=\"top\" bgcolor=\"#f8f8f8\">\n<td width=\"9%\" class=\"C lh15\">\n<p align=\"center\">NS<\/p>\n<\/td>\n<td width=\"7%\" class=\"C lh15\">\n<p align=\"center\">R<\/p>\n<\/td>\n<td width=\"9%\" class=\"C lh15\">\n<p align=\"center\">1000<\/p>\n<\/td>\n<td width=\"15%\" class=\"C lh15\">\n<p align=\"center\">\u2013<\/p>\n<\/td>\n<td width=\"12%\" class=\"C lh15\">\n<p align=\"center\">240<\/p>\n<\/td>\n<td width=\"14%\" class=\"C lh15\">\n<p align=\"center\">UN\u00a0<\/p>\n<\/td>\n<td width=\"13%\" class=\"C lh15\">\n<p align=\"center\">T<\/p>\n<\/td>\n<td width=\"11%\" class=\"C lh15\">\n<p align=\"center\">1h<\/p>\n<\/td>\n<td width=\"10%\" class=\"C lh15\">\n<p align=\"center\">2T<\/p>\n<\/td>\n<\/tr>\n<tr valign=\"top\" bgcolor=\"#f8f8f8\">\n<td class=\"C lh15\">\n<p align=\"center\">Hongli\u00a0<br \/>El\u00e9ctrico\u00a0<\/p>\n<\/td>\n<td class=\"C lh15\">\n<p align=\"center\">Rel\u00e9<\/p>\n<\/td>\n<td class=\"C lh15\">\n<p align=\"center\">Tipo<\/p>\n<\/td>\n<td class=\"C lh15\">\n<p align=\"center\">Embalaje Y: Paquete de caja individual \u00a0<span color=\"#3333ff\" style=\"color: #3333ff;\">\u2013 : Paquete a granel de f\u00e1brica<\/span>\u00a0<\/p>\n<\/td>\n<td class=\"C lh15\">\n<p>Voltaje de la bobina\u00a0<br \/><span color=\"#3333ff\" style=\"color: #3333ff;\"><br \/>208-240V<\/span><\/p>\n<\/td>\n<td class=\"C lh15\">\n<p align=\"center\">Entrada de bobina\u00a0<br \/><span color=\"#3333ff\" style=\"color: #3333ff;\">R: los cambios<\/span>D: los directos<\/p>\n<\/td>\n<td class=\"C lh15\">\n<p align=\"center\"><span>Terminaci\u00f3n<\/p>\n<p><span color=\"#3333ff\" style=\"color: #3333ff;\">T: contacto r\u00e1pido<\/span><\/span><\/p>\n<\/td>\n<td class=\"C lh15\">\n<p align=\"center\">\n<p>Acuerdo de contacto\u00a0\u00a0<br \/><span color=\"#3333ff\" style=\"color: #3333ff;\">1H\uff1aA menudo se abre un grupo<\/span><\/p>\n<p align=\"center\">2H: A menudo se abren dos grupos<\/p>\n<p align=\"center\">\u00a0<\/p>\n<\/td>\n<td class=\"C lh15\">\n<p align=\"center\"><span>Modo de contacto\u00a0<br \/><\/span><span color=\"#000000\" style=\"color: #000000;\">1Q: solo 1\/4 \u2033 QC<\/span><\/p>\n<p align=\"center\"><span color=\"#3333ff\" style=\"color: #3333ff;\">2Q:Doble1\/4\u2033QC<\/span><\/p>\n<p align=\"center\"><span>\u00a0<\/span><\/p>\n<\/td>\n<\/tr>\n<\/tbody>\n<\/table>\n<p><strong>2.<\/strong>\u00a0<strong>Explicaci\u00f3n del producto y par\u00e1metro t\u00e9cnico principal<\/strong><\/p>\n<table width=\"97%\" cellspacing=\"1\" cellpadding=\"5\" border=\"0\" bgcolor=\"#999999\" align=\"center\">\n<tbody>\n<tr valign=\"top\" bgcolor=\"#f8f8f8\">\n<td width=\"24%\" class=\"M1\">Tipo<\/td>\n<td width=\"76%\" class=\"text1\">HLR1000-240AT1H2Q<\/td>\n<\/tr>\n<tr valign=\"top\" bgcolor=\"#f8f8f8\">\n<td width=\"24%\" class=\"M1\">Clasificaci\u00f3n de corriente<\/td>\n<td width=\"76%\" class=\"text1\">Es decir: 40A<\/td>\n<\/tr>\n<tr valign=\"top\" bgcolor=\"#f8f8f8\">\n<td>Clasificaci\u00f3n de voltaje de contactos<\/td>\n<td width=\"76%\" class=\"text1\">UE: 240\/277 (V)<\/td>\n<\/tr>\n<tr valign=\"top\" bgcolor=\"#f8f8f8\">\n<td width=\"24%\" class=\"M1\">Clasificaci\u00f3n de voltaje de aislamiento<\/td>\n<td width=\"76%\" class=\"text1\">interfaz de usuario\u00a0<strong>:\u00a0\u00a0<\/strong>\u00a0600 (V)<\/td>\n<\/tr>\n<tr valign=\"top\" bgcolor=\"#f8f8f8\">\n<td width=\"24%\" class=\"M1\">Clasificaci\u00f3n de voltaje de la bobina<\/td>\n<td width=\"76%\" class=\"text1\">A nosotros<strong>:\u00a0\u00a0<\/strong>\u00a0208\/240 (V)<\/td>\n<\/tr>\n<tr valign=\"top\" bgcolor=\"#f8f8f8\">\n<td width=\"24%\" class=\"M1\">Vida mec\u00e1nica<\/td>\n<td width=\"76%\" class=\"text1\">1,000,000 veces<\/td>\n<\/tr>\n<tr valign=\"top\" bgcolor=\"#f8f8f8\">\n<td width=\"24%\" class=\"M1\">vida electrica<\/td>\n<td width=\"76%\" class=\"text1\">100,000 veces<\/td>\n<\/tr>\n<tr valign=\"top\" bgcolor=\"#f8f8f8\">\n<td height=\"152\" class=\"C lh15\">\n<p>Producto Explicaci\u00f3n<\/td>\n<td class=\"C lh15\">\n<p><strong><span color=\"#0000ff\" style=\"color: #0000ff;\">1. La condici\u00f3n de servicio regular e instala la condici\u00f3n\u00a0<br \/><\/span><\/strong>una. En la temperatura del aire circundante, el valor l\u00edmite es +65, se obtiene\u00a0<br \/>Abajo el valor l\u00edmite es -25\u00a0<br \/>b. La elevaci\u00f3n del sitio de instalaci\u00f3n no supera los 2000 m\u00a0<br \/>C. El rango de contaminaci\u00f3n del aire es de 2 niveles\u00a0<br \/>d. Instala La Categor\u00eda Es Ii;\u00a0<br \/>mi. La Cuota Frente A La Gradiente No Supera \u00b15\u00b0\u00a0<br \/>F. No Destacable Lugar De Ondulaci\u00f3n, Impacto Y Vibraci\u00f3n.\u00a0<br \/><span color=\"#0000ff\" style=\"color: #0000ff;\"><strong>2. Par\u00e1metro t\u00e9cnico principal\u00a0\u00a0<br \/><\/strong><\/span>una. Bobina del contactor recogiendo en 75% ~ 110% nosotros de forma fiable\u00a0<br \/>Funcionando, su voltaje de ca\u00edda en 20% ~ 70%Us\u00a0<br \/>b. Categor\u00eda de uso del contactor: Ac-1Ac8a\u00a0<br \/>C. Contactor con lugar de 0,4 m, su ruido por debajo de 40db\u00a0<br \/><span color=\"#0000ff\" style=\"color: #0000ff;\"><strong>3 . Especificaciones de instalaci\u00f3n y tama\u00f1o de instalaci\u00f3n<\/strong><\/span>\u00a0<br \/>una. Instala la forma de fijarse para el tornillo, algunos dos tipos instalan el tama\u00f1o para elegir un tipo de superficie de ajuste de tama\u00f1o y el plano horizontal es el gradiente de forma vertical no es mayor que \u00b1 5 \u00b0<\/p>\n<p>b. Antes del uso debe inspeccionar la terminal de alimentaci\u00f3n y el contactor\u00a0<br \/>Conexi\u00f3n r\u00e1pida si llegan insertos, es confiable, evita la creaci\u00f3n\u00a0<br \/>El desglose, detr\u00e1s de Check Off puede electrificar intentos.\u00a0<\/p>\n<p>\u00a0<\/p>\n<\/td>\n<\/tr>\n<\/tbody>\n<\/table>\n<p><strong>3. Cumple con el est\u00e1ndar<\/strong><\/p>\n<table width=\"97%\" cellspacing=\"1\" cellpadding=\"5\" border=\"0\" bgcolor=\"#999999\" align=\"center\">\n<tbody>\n<tr valign=\"top\" bgcolor=\"#f8f8f8\">\n<td width=\"21%\" rowspan=\"3\" class=\"C lh15\">\n<p><span color=\"#0000ff\" style=\"color: #0000ff;\"><strong>Cumple con el est\u00e1ndar nacional y el est\u00e1ndar internacional<\/strong><\/span><\/p>\n<p><span color=\"#0000ff\" style=\"color: #0000ff;\">\u00a0<\/span><\/p>\n<p><span color=\"#0000ff\" style=\"color: #0000ff;\"><br \/><\/span>\n<\/td>\n<td width=\"79%\" class=\"C lh15\">\n<span color=\"#0000ff\" style=\"color: #0000ff;\">1,<\/span>De acuerdo a\u00a0<strong>UL508, IEC60947, GB14048<\/strong>\u00a0Est\u00e1ndar<\/td>\n<\/tr>\n<tr valign=\"top\" bgcolor=\"#f8f8f8\">\n<td class=\"C lh15\">\n<span color=\"#0000ff\" style=\"color: #0000ff;\">2,<\/span>Aprobado por\u00a0<strong>UL ROHS\uff0c<\/strong>y\u00a0<strong>Certificaci\u00f3n del sistema ISO9001 (SGS)<\/strong>\n<\/td>\n<\/tr>\n<tr valign=\"top\" bgcolor=\"#f8f8f8\">\n<td height=\"26\" class=\"C lh15\">\n<p><strong>N\u00famero de archivos UL:\u00a0\u00a0\u00a0\u00a0 \u00a0<\/strong>\u00a0<strong><span color=\"#990000\" style=\"color: #990000;\">E251539<\/span><\/strong><\/p>\n<\/td>\n<\/tr>\n<\/tbody>\n<\/table>\n<p>\u00a0<\/p>\n<p>4.<strong>Solicitud de pedido<\/strong><\/p>\n<p><span face=\"Arial\" style=\"font-family: Arial;\">Para garantizar su necesidad de uso, cuando realice el pedido, explique detalladamente:<\/span><\/p>\n<p><span face=\"Arial\" style=\"font-family: Arial;\">Modelo de especificaci\u00f3n de rel\u00e9, n\u00famero de polo, voltaje de control de bobina, corriente de funcionamiento fija, forma de cableado y forma de empaque, etc.<\/span><\/p>\n<table width=\"97%\" cellspacing=\"1\" cellpadding=\"5\" border=\"0\" bgcolor=\"#999999\" align=\"center\">\n<tbody>\n<tr valign=\"top\" bgcolor=\"#f8f8f8\">\n<td class=\"C lh15\">Si solicita lo siguiente: Corriente nominal: 40 A (ACI), Voltaje de trabajo: 277 V, N\u00famero de polo: Un polo, Voltaje de control de bobina: 208\/240 V CA, Forma de cableado: Doble 1\/4 QC. Corriente de carga: controles de motor monof\u00e1sicos o carga lineal, embalaje: 120\/cada caja (embalaje de f\u00e1brica), luego puede elegir el tipo:<span color=\"#3333ff\" style=\"color: #3333ff;\"><strong>HLR1000-<\/strong>\u00a0<strong>240AT1H2Q<\/strong><\/span>\n<\/td>\n<\/tr>\n<\/tbody>\n<\/table>\n<p align=\"left\">Levanta las muestras de la siguiente manera (contiene el tipo de derivaci\u00f3n de este modelo)\u00a0<\/p>\n<table width=\"97%\" cellspacing=\"1\" cellpadding=\"5\" border=\"0\" bgcolor=\"#999999\" align=\"center\" id=\"table2\">\n<tbody>\n<tr valign=\"top\" bgcolor=\"#f8f8f8\">\n<td width=\"9%\" rowspan=\"2\" class=\"C lh15\">\n<p align=\"center\">Clasificaci\u00f3n de corriente<br \/>Es decir<\/p>\n<\/td>\n<td width=\"12%\" rowspan=\"2\" class=\"C lh15\">\n<p align=\"center\">N\u00famero de polo<\/p>\n<\/td>\n<td height=\"17\" colspan=\"5\" class=\"C lh15\">\n<p align=\"center\"><strong>Valor nominal del voltaje de control de la bobina<\/strong>\u00a0\u00a0<\/p>\n<\/td>\n<td width=\"17%\" class=\"C lh15\">\n<p align=\"center\"><strong>Potencia del motor de control<\/strong><\/p>\n<p align=\"center\">\u00a0<\/p>\n<\/td>\n<\/tr>\n<tr valign=\"top\" bgcolor=\"#f8f8f8\">\n<td width=\"12%\" class=\"C lh15\">\n<p align=\"center\">24 VCA<\/p>\n<\/td>\n<td width=\"12%\" class=\"C lh15\">\n<p align=\"center\">120 VCA<\/p>\n<\/td>\n<td width=\"13%\" class=\"C lh15\">\n<p align=\"center\">208\/240 VCA<\/p>\n<\/td>\n<td width=\"12%\" class=\"C lh15\">\n<p align=\"center\">277 VCA<\/p>\n<\/td>\n<td width=\"13%\" class=\"C lh15\">\n<p align=\"center\">380\/480 VCA<\/p>\n<\/td>\n<td width=\"17%\" class=\"C lh15\">\n<p align=\"center\">240 VCA<\/p>\n<\/td>\n<\/tr>\n<tr valign=\"top\" bgcolor=\"#f8f8f8\">\n<td class=\"C lh15\">\n<p align=\"center\">40A<\/p>\n<\/td>\n<td class=\"C lh15\">\n<p align=\"center\">\u00a01P\u00a0<\/p>\n<\/td>\n<td class=\"C lh15\">\n<p align=\"center\">HLR1000-024AT1H2Q<\/p>\n<\/td>\n<td class=\"C lh15\">\n<p align=\"center\">HLR1000-120AT1H2Q<\/p>\n<\/td>\n<td class=\"C lh15\">\n<p align=\"center\"><span color=\"#0000ff\" style=\"color: #0000ff;\"><strong>HLR1000-240AT1H2Q<\/strong><\/span><\/p>\n<\/td>\n<td class=\"C lh15\">\n<p align=\"center\">HLR100-277AT1H2Q<\/p>\n<\/td>\n<td class=\"C lh15\">\n<p align=\"center\">\n<p>HLR1000-480AT1H2Q<\/p>\n<\/td>\n<td class=\"C lh15\">\n<p align=\"center\">2.5Kw<\/p>\n<\/td>\n<\/tr>\n<\/tbody>\n<\/table>\n<p><strong>5. Descarga del folleto de instrucciones<\/strong>REL\u00c9S SERIE HLR1000\u00a0\u00a0\u00a0\u00a0\u00a0\u00a0\u00a0\u00a0\u00a0\u00a0\u00a0\u00a0\u00a0\u00a0\u00a0\u00a0\u00a0\u00a0\u00a0\u00a0\u00a0\u00a0\u00a0<strong><span color=\"#990000\" style=\"color: #990000;\">Descargar hoja de datos en PDF<\/span><\/strong><\/p>","protected":false},"excerpt":{"rendered":"<p>1.Applicable and Description\u00a0 1. Applicable Scope\u00a0HLR1000-240AT1H2Q(SPNO\/40A\/208-240VAC) HIGH POWER RELAY,Mainly Is Suitable For 50Hz Or 60Hz,\u00a0 Fixed Working Voltage Is 240V Or 277V, DC voltage to 220V control ciruit, Is Suitable\u00a0in the fixed operating current 40A (AC-8a );30A(AC-8b)\u00a0Single-phase air conditioning&#8217;s Compressor or motor control,May also use in electric appliances and equipment&#8217;s and so on\u00a0electric heating,power tool [&hellip;]<\/p>\n","protected":false},"featured_media":4285,"comment_status":"open","ping_status":"open","template":"","meta":{"_coblocks_attr":"","_coblocks_dimensions":"","_coblocks_responsive_height":"","_coblocks_accordion_ie_support":"","om_disable_all_campaigns":false,"_monsterinsights_skip_tracking":false,"_monsterinsights_sitenote_active":false,"_monsterinsights_sitenote_note":"","_monsterinsights_sitenote_category":0,"_uf_show_specific_survey":0,"_uf_disable_surveys":false,"_kadence_starter_templates_imported_post":false,"jetpack_post_was_ever_published":false,"jetpack_publicize_message":"","jetpack_publicize_feature_enabled":true,"jetpack_social_post_already_shared":true,"jetpack_social_options":{"image_generator_settings":{"template":"highway","default_image_id":0,"font":"","enabled":false},"version":2},"_wpas_customize_per_network":false},"product_brand":[],"product_cat":[703764138],"product_tag":[],"class_list":{"0":"post-4690","1":"product","2":"type-product","3":"status-publish","4":"has-post-thumbnail","6":"product_cat-relay","8":"first","9":"instock","10":"taxable","11":"shipping-taxable","12":"purchasable","13":"product-type-simple"},"aioseo_notices":[],"jetpack_publicize_connections":[],"jetpack_likes_enabled":true,"jetpack_sharing_enabled":true,"jetpack-related-posts":[],"_links":{"self":[{"href":"https:\/\/goodspec.blog\/es\/wp-json\/wp\/v2\/product\/4690","targetHints":{"allow":["GET"]}}],"collection":[{"href":"https:\/\/goodspec.blog\/es\/wp-json\/wp\/v2\/product"}],"about":[{"href":"https:\/\/goodspec.blog\/es\/wp-json\/wp\/v2\/types\/product"}],"replies":[{"embeddable":true,"href":"https:\/\/goodspec.blog\/es\/wp-json\/wp\/v2\/comments?post=4690"}],"version-history":[{"count":0,"href":"https:\/\/goodspec.blog\/es\/wp-json\/wp\/v2\/product\/4690\/revisions"}],"wp:featuredmedia":[{"embeddable":true,"href":"https:\/\/goodspec.blog\/es\/wp-json\/wp\/v2\/media\/4285"}],"wp:attachment":[{"href":"https:\/\/goodspec.blog\/es\/wp-json\/wp\/v2\/media?parent=4690"}],"wp:term":[{"taxonomy":"product_brand","embeddable":true,"href":"https:\/\/goodspec.blog\/es\/wp-json\/wp\/v2\/product_brand?post=4690"},{"taxonomy":"product_cat","embeddable":true,"href":"https:\/\/goodspec.blog\/es\/wp-json\/wp\/v2\/product_cat?post=4690"},{"taxonomy":"product_tag","embeddable":true,"href":"https:\/\/goodspec.blog\/es\/wp-json\/wp\/v2\/product_tag?post=4690"}],"curies":[{"name":"gracias","href":"https:\/\/api.w.org\/{rel}","templated":true}]}}