{"id":4682,"date":"2018-09-08T09:36:23","date_gmt":"2018-09-08T09:36:23","guid":{"rendered":"https:\/\/sino-hongli.com\/?post_type=product&amp;p=4060"},"modified":"2018-09-08T09:36:23","modified_gmt":"2018-09-08T09:36:23","slug":"hlr3800-4l3c-3-potential-type-motor-starting-relay","status":"publish","type":"product","link":"https:\/\/goodspec.blog\/es\/producto\/hlr3800-4l3c-3-potential-type-motor-starting-relay\/","title":{"rendered":"REL\u00c9 DE ARRANQUE DE MOTOR TIPO POTENCIAL HLR3800-4L3C-3"},"content":{"rendered":"<p><strong>1.<span face=\"Arial\" style=\"font-family: Arial;\">Alcance aplicable y descripci\u00f3n del tipo<\/span><\/strong><span>\u00a0\u00a0<\/span><\/p>\n<table width=\"584\" cellspacing=\"4\" cellpadding=\"4\" border=\"0\">\n<tbody>\n<tr>\n<td height=\"53\">\n<table width=\"97%\" cellspacing=\"1\" cellpadding=\"5\" border=\"0\" bgcolor=\"#999999\" align=\"center\" id=\"table2\">\n<tbody>\n<tr valign=\"top\" bgcolor=\"#f8f8f8\">\n<td width=\"88%\" class=\"C lh15\">\n<p><span color=\"#0000ff\" style=\"color: #0000ff;\">1,<span face=\"Arial\" style=\"font-family: Arial;\">Alcance aplicable<\/span><\/span><\/p>\n<p><span>HLR3800-4L3C-3 Rel\u00e9 de arranque de motor de tipo potencial\u00a0<\/span><span color=\"#0000ff\" style=\"color: #0000ff;\"><\/p>\n<p><span color=\"#000000\" style=\"color: #000000;\"><span face=\"Arial\" style=\"font-family: Arial;\">motor monof\u00e1sico (compresor) el rel\u00e9 de arranque utiliza principalmente para intercambiar 50\/60 HZ, el voltaje al circuito de control de 277 V y la corriente nominal al circuito de alimentaci\u00f3n de 16 A, a trav\u00e9s del arranque de la capacidad el\u00e9ctrica, el motor monof\u00e1sico de arranque (compresor) . Es adecuado en el aire acondicionado, el refrigerador, etc. M\u00e1quina industrial, equipo de electrodom\u00e9sticos, electrodom\u00e9sticos y bombas de agua.<\/span><\/span><\/p>\n<p><\/span><\/p>\n<\/td>\n<\/tr>\n<tr valign=\"top\" bgcolor=\"#f8f8f8\">\n<td class=\"C lh15\">\n<p><span color=\"#0000ff\" style=\"color: #0000ff;\">2, Tipo\u00a0<span face=\"Arial\" style=\"font-family: Arial;\">y significado<\/span><\/span><\/p>\n<\/td>\n<\/tr>\n<\/tbody>\n<\/table>\n<table width=\"97%\" cellspacing=\"1\" cellpadding=\"5\" border=\"0\" bgcolor=\"#999999\" align=\"center\" id=\"table2\">\n<tbody>\n<tr valign=\"top\" bgcolor=\"#f8f8f8\">\n<td width=\"9%\" class=\"C lh15\"><strong>NS<\/strong><\/td>\n<td width=\"7%\" class=\"C lh15\"><strong>R<\/strong><\/td>\n<td width=\"9%\" class=\"C lh15\"><strong>3800<\/strong><\/td>\n<td width=\"17%\" class=\"C lh15\"><strong>\u2013<\/strong><\/td>\n<td width=\"8%\" class=\"C lh15\"><b>4<\/b><\/td>\n<td width=\"18%\" class=\"C lh15\">\u00a0<\/td>\n<td width=\"13%\" class=\"C lh15\"><b>L<\/b><\/td>\n<td width=\"10%\" class=\"C lh15\"><strong>3<\/strong><\/td>\n<td width=\"9%\" class=\"C lh15\"><strong>C-3<\/strong><\/td>\n<\/tr>\n<tr valign=\"top\" bgcolor=\"#f8f8f8\">\n<td height=\"44\" class=\"C lh15\"><span size=\"2\" face=\"Tahoma\" style=\"font-family: Tahoma; font-size: small;\">Hongli el\u00e9ctrico<\/span><\/td>\n<td class=\"C lh15\">Rel\u00e9<\/td>\n<td class=\"C lh15\">Tipo<\/td>\n<td class=\"C lh15\">\n<span size=\"2\" face=\"Tahoma\" style=\"font-family: Tahoma; font-size: small;\">\u201c<span color=\"#0000ff\" style=\"color: #0000ff;\">Y<\/span>\u201d :Paquete de caja individual<\/span>\u00a0\u00a0<br \/><span size=\"2\" face=\"Tahoma\" style=\"font-family: Tahoma; font-size: small;\">\u201c<span color=\"#0000ff\" style=\"color: #0000ff;\">\u2013<\/span>\u201d: Paquete a granel de f\u00e1brica\u00a0<\/span>\n<\/td>\n<td class=\"C lh15\">\n<p align=\"center\"><span size=\"2\" face=\"Tahoma\" style=\"font-family: Tahoma; font-size: small;\">N\u00famero de bobina<\/span><\/p>\n<\/td>\n<td class=\"C lh15\">\n<p><span face=\"Arial\" style=\"font-family: Arial;\">A: Expresado 60HZ\u00a0\u00a0<br \/>no haber simbolizado: Expresa 50HZ<\/span><\/p>\n<p>\u00a0<\/p>\n<\/td>\n<td class=\"C lh15\">\n<p><span size=\"2\" face=\"Tahoma\" style=\"font-family: Tahoma; font-size: small;\">Caracter\u00edsticas de funcionamiento<\/span><\/p>\n<\/td>\n<td class=\"C lh15\">\n<p><span size=\"2\" face=\"Tahoma\" style=\"font-family: Tahoma; font-size: small;\">Posici\u00f3n de funcionamiento<\/span><\/p>\n<\/td>\n<td>\n<p><span size=\"2\" face=\"Tahoma\" style=\"font-family: Tahoma; font-size: small;\">Configuraci\u00f3n de terminales<\/span><\/p>\n<p>\u00a0<\/p>\n<\/td>\n<\/tr>\n<\/tbody>\n<\/table>\n<\/td>\n<\/tr>\n<tr>\n<td height=\"22\" class=\"u\">\n<p><span face=\"Arial\" style=\"font-family: Arial;\"><strong>2. Explicaci\u00f3n del producto y par\u00e1metro t\u00e9cnico principal.<\/strong><\/span><\/p>\n<\/td>\n<\/tr>\n<tr>\n<td height=\"48\">\n<table width=\"97%\" cellspacing=\"1\" cellpadding=\"5\" border=\"0\" bgcolor=\"#999999\" align=\"center\" id=\"table2\">\n<tbody>\n<tr valign=\"top\" bgcolor=\"#f8f8f8\">\n<td class=\"M1\">\u2605<span face=\"Arial\" style=\"font-family: Arial;\">Voltaje de aislamiento fijo<\/span>\u00a0 Interfaz de usuario: 600V<\/td>\n<\/tr>\n<tr valign=\"top\" bgcolor=\"#f8f8f8\">\n<td class=\"M1\">\u2605<span face=\"Arial\" style=\"font-family: Arial;\">Voltaje de trabajo fijo<\/span>\u00a0UE: CA 277V<\/td>\n<\/tr>\n<tr valign=\"top\" bgcolor=\"#f8f8f8\">\n<td class=\"M1\">\u2605<span face=\"Arial\" style=\"font-family: Arial;\">Corriente de funcionamiento fija<\/span>\uff1a Es decir = 16A , Ith = 35A<\/td>\n<\/tr>\n<tr valign=\"top\" bgcolor=\"#f8f8f8\">\n<td class=\"M1\">\u2605<span face=\"Arial\" style=\"font-family: Arial;\">Conexi\u00f3n normal y ruptura de corriente<\/span>\uff1a 35A \u3001<span face=\"Arial\" style=\"font-family: Arial;\">Rompiendo la capacidad actual<\/span>\uff1a 96A<\/td>\n<\/tr>\n<tr valign=\"top\" bgcolor=\"#f8f8f8\">\n<td class=\"M1\">\u2605<span face=\"Arial\" style=\"font-family: Arial;\">Vida mec\u00e1nica<\/span>\uff1e\u00a0<span face=\"Arial\" style=\"font-family: Arial;\">1,000,000 veces<\/span>\n<\/td>\n<\/tr>\n<tr valign=\"top\" bgcolor=\"#f8f8f8\">\n<td class=\"M1\">\u2605<span face=\"Arial\" style=\"font-family: Arial;\">vida electrica<\/span>\uff1e\u00a0<span face=\"Arial\" style=\"font-family: Arial;\">100,000 veces<\/span>\n<\/td>\n<\/tr>\n<tr valign=\"top\" bgcolor=\"#f8f8f8\">\n<td class=\"M1\">\u2605<span face=\"Arial\" style=\"font-family: Arial;\">Alcance del voltaje de trabajo de la bobina<\/span>: 70% \uff5e110%U<\/td>\n<\/tr>\n<tr valign=\"top\" bgcolor=\"#f8f8f8\">\n<td class=\"M1\">\n<p>\u2605<span face=\"Arial\" style=\"font-family: Arial;\">Voltaje de trabajo de la bobina del producto<\/span>\u00a0Nosotros = CA 170 \uff5e 502V<\/p>\n<\/td>\n<\/tr>\n<tr valign=\"top\" bgcolor=\"#f8f8f8\">\n<td class=\"M1\">\u2605<span face=\"Arial\" style=\"font-family: Arial;\">El devanado del rel\u00e9 (criticidad de limpieza en fr\u00edo) puede atraer de manera confiable en AC 170 ~ 502V, el voltaje liberado no es inferior a AC 40V.<\/span>\n<\/td>\n<\/tr>\n<tr valign=\"top\" bgcolor=\"#f8f8f8\">\n<td class=\"M1\">\u00a0<\/td>\n<\/tr>\n<\/tbody>\n<\/table>\n<\/td>\n<\/tr>\n<tr>\n<td height=\"22\" class=\"u\"><strong>3. Cumple con el est\u00e1ndar<\/strong><\/td>\n<\/tr>\n<tr>\n<td height=\"48\">\n<table width=\"97%\" cellspacing=\"1\" cellpadding=\"5\" border=\"0\" bgcolor=\"#999999\" align=\"center\" id=\"table2\">\n<tbody>\n<tr valign=\"top\" bgcolor=\"#f8f8f8\">\n<td width=\"21%\" rowspan=\"4\" class=\"C lh15\">\n<p><span color=\"#0000ff\" style=\"color: #0000ff;\">Cumple con el est\u00e1ndar nacional y el est\u00e1ndar internacional\u00a0\u00a0<br \/><\/span><\/p>\n<p><\/p>\n<\/td>\n<td colspan=\"2\" class=\"C lh15\">\n<span color=\"#0000ff\" style=\"color: #0000ff;\">1,<\/span><span color=\"#000000\" style=\"color: #000000;\">De acuerdo a<\/span>\u00a0IEC 60730; GB14048.5, est\u00e1ndar UL508.<\/td>\n<\/tr>\n<tr valign=\"top\" bgcolor=\"#f8f8f8\">\n<td colspan=\"2\" class=\"C lh15\">\n<span color=\"#0000ff\" style=\"color: #0000ff;\">2,<\/span><span color=\"#000000\" style=\"color: #000000;\">Aprobado por<\/span>\u00a0\u00a0Certificaci\u00f3n del sistema ISO9001 (SGS), CCC, TUV, CE, UL y certificaci\u00f3n segura<\/td>\n<\/tr>\n<tr valign=\"top\" bgcolor=\"#f8f8f8\">\n<td width=\"36%\" height=\"12\" class=\"C lh15\">\n<p>N\u00famero de certificaci\u00f3n CCC:<\/p>\n<p><strong>2005010303156716<\/strong><\/p>\n<\/td>\n<td width=\"43%\" class=\"C lh15\">\n<p>N\u00famero de certificaci\u00f3n TUV:<\/p>\n<p><strong>B 05 06 56608 001<\/strong><\/p>\n<\/td>\n<\/tr>\n<tr valign=\"top\" bgcolor=\"#f8f8f8\">\n<td height=\"13\" class=\"C lh15\">\n<p>N\u00famero de archivos UL:<\/p>\n<p><strong>E251539<\/strong><\/p>\n<\/td>\n<td width=\"43%\" class=\"C lh15\">\n<p>N\u00famero de certificaci\u00f3n CE:<\/p>\n<p><strong>N8N 05 06 56608 002<\/strong><\/p>\n<\/td>\n<\/tr>\n<\/tbody>\n<\/table>\n<\/td>\n<\/tr>\n<\/tbody>\n<\/table>\n<p><span>\u00a0\u00a0\u00a0\u00a0<\/span><\/p>\n<table width=\"564\" cellspacing=\"0\" cellpadding=\"2\" border=\"0\">\n<tbody>\n<tr>\n<td height=\"22\" colspan=\"2\" class=\"d\">\n<p>\u00a0<\/p>\n<\/td>\n<\/tr>\n<tr>\n<td height=\"22\" colspan=\"2\" class=\"d\">\n<table width=\"564\" cellspacing=\"0\" cellpadding=\"2\" border=\"0\">\n<tbody>\n<tr>\n<td colspan=\"2\" class=\"d\">\n<p><strong><span size=\"2\" face=\"Tahoma\" style=\"font-family: Tahoma; font-size: small;\">4.Especificaci\u00f3n<\/span><\/strong><\/p>\n<\/td>\n<\/tr>\n<tr>\n<td colspan=\"2\">\n<p>Rel\u00e9 de potencial de la serie HLR3800\u00a0\u00a0\u00a0\u00a0\u00a0\u00a0\u00a0\u00a0\u00a0\u00a0\u00a0\u00a0\u00a0\u00a0\u00a0\u00a0\u00a0\u00a0\u00a0<span color=\"#990000\" style=\"color: #990000;\">Descargar hoja de datos en PDF<\/span><\/p>\n<\/td>\n<\/tr>\n<\/tbody>\n<\/table>\n<\/td>\n<\/tr>\n<\/tbody>\n<\/table>","protected":false},"excerpt":{"rendered":"<p>1.Applicable scope &#038; Type\u00a0description\u00a0\u00a0 1 \u3001Applicable scope HLR3800-4L3C-3 Potential type Motor starting relay\u00a0 single-phase motor (compressor) the starting relay mainly uses in exchanging 50\/60HZ, the voltage to the 277V control circuit and the nominal current to the 16A power circuit, through starts the electric capacity, the starting single-phase motor (compressor). Is suitable in the air [&hellip;]<\/p>\n","protected":false},"featured_media":4215,"comment_status":"open","ping_status":"open","template":"","meta":{"_coblocks_attr":"","_coblocks_dimensions":"","_coblocks_responsive_height":"","_coblocks_accordion_ie_support":"","om_disable_all_campaigns":false,"_monsterinsights_skip_tracking":false,"_monsterinsights_sitenote_active":false,"_monsterinsights_sitenote_note":"","_monsterinsights_sitenote_category":0,"_uf_show_specific_survey":0,"_uf_disable_surveys":false,"_kadence_starter_templates_imported_post":false,"jetpack_post_was_ever_published":false,"jetpack_publicize_message":"","jetpack_publicize_feature_enabled":true,"jetpack_social_post_already_shared":true,"jetpack_social_options":{"image_generator_settings":{"template":"highway","default_image_id":0,"font":"","enabled":false},"version":2},"_wpas_customize_per_network":false},"product_brand":[],"product_cat":[703764138],"product_tag":[703764135],"class_list":{"0":"post-4682","1":"product","2":"type-product","3":"status-publish","4":"has-post-thumbnail","6":"product_cat-relay","7":"product_tag-potential-relays","9":"first","10":"instock","11":"taxable","12":"shipping-taxable","13":"purchasable","14":"product-type-simple"},"aioseo_notices":[],"jetpack_publicize_connections":[],"jetpack_likes_enabled":true,"jetpack_sharing_enabled":true,"jetpack-related-posts":[],"_links":{"self":[{"href":"https:\/\/goodspec.blog\/es\/wp-json\/wp\/v2\/product\/4682","targetHints":{"allow":["GET"]}}],"collection":[{"href":"https:\/\/goodspec.blog\/es\/wp-json\/wp\/v2\/product"}],"about":[{"href":"https:\/\/goodspec.blog\/es\/wp-json\/wp\/v2\/types\/product"}],"replies":[{"embeddable":true,"href":"https:\/\/goodspec.blog\/es\/wp-json\/wp\/v2\/comments?post=4682"}],"version-history":[{"count":0,"href":"https:\/\/goodspec.blog\/es\/wp-json\/wp\/v2\/product\/4682\/revisions"}],"wp:featuredmedia":[{"embeddable":true,"href":"https:\/\/goodspec.blog\/es\/wp-json\/wp\/v2\/media\/4215"}],"wp:attachment":[{"href":"https:\/\/goodspec.blog\/es\/wp-json\/wp\/v2\/media?parent=4682"}],"wp:term":[{"taxonomy":"product_brand","embeddable":true,"href":"https:\/\/goodspec.blog\/es\/wp-json\/wp\/v2\/product_brand?post=4682"},{"taxonomy":"product_cat","embeddable":true,"href":"https:\/\/goodspec.blog\/es\/wp-json\/wp\/v2\/product_cat?post=4682"},{"taxonomy":"product_tag","embeddable":true,"href":"https:\/\/goodspec.blog\/es\/wp-json\/wp\/v2\/product_tag?post=4682"}],"curies":[{"name":"gracias","href":"https:\/\/api.w.org\/{rel}","templated":true}]}}