{"id":3678,"date":"2018-09-07T09:06:07","date_gmt":"2018-09-07T09:06:07","guid":{"rendered":"https:\/\/sino-hongli.com\/?post_type=product&#038;p=3678"},"modified":"2023-06-20T11:23:12","modified_gmt":"2023-06-20T03:23:12","slug":"hlc-2xw04gg-2p-40a-380-400vac-definite-purpose-contactor","status":"publish","type":"product","link":"https:\/\/goodspec.blog\/es\/producto\/hlc-2xw04gg-2p-40a-380-400vac-definite-purpose-contactor\/","title":{"rendered":"HLC-2XW04GG(2P\/40A\/380-400VAC) CONTACTOR DE PROP\u00d3SITO DEFINIDO"},"content":{"rendered":"<table border=\"0\" width=\"564\" cellspacing=\"0\" cellpadding=\"2\">\n<tbody>\n<tr>\n<td colspan=\"2\"><strong>*Aplicable y Descripci\u00f3n<\/strong><\/p>\n<table border=\"0\" width=\"97%\" cellspacing=\"1\" cellpadding=\"5\" align=\"center\">\n<tbody>\n<tr>\n<td><strong>1. \u00c1mbito aplicable<\/strong><\/p>\n<p>HLC-2XW04GG(2P\/40A\/380-400VAC) Contactor de prop\u00f3sito definido (Seguir difiere al contactor DP), principalmente es adecuado para 50 Hz o 60 Hz, cuando la categor\u00eda de uso AC-8a voltaje de trabajo fijo es de 240 V o 277 V la corriente nominal hasta El circuito el\u00e9ctrico de 40 A es adecuado para el arranque y el control de motores monof\u00e1sicos (o compresores) y otras cargas monof\u00e1sicas. Se utiliza principalmente en la profesi\u00f3n de electrodom\u00e9sticos, especialmente en la profesi\u00f3n de aire acondicionado, cumple con las normas IEC60947, UL508 y GB14048 .<\/td>\n<\/tr>\n<tr>\n<td><strong>2.Tipo y Significado<\/strong><\/td>\n<\/tr>\n<\/tbody>\n<\/table>\n<table border=\"0\" width=\"97%\" cellspacing=\"1\" cellpadding=\"5\" align=\"center\">\n<tbody>\n<tr>\n<td><strong>NS<\/strong><\/td>\n<td><strong>C<\/strong><\/td>\n<td><strong>\u2013<\/strong><\/td>\n<td><strong>2X<\/strong><\/td>\n<td><strong>W<\/strong><\/td>\n<td><strong>04<\/strong><\/td>\n<td><b>GG<\/b><\/td>\n<td><\/td>\n<\/tr>\n<tr>\n<td>Codigo de compa\u00f1ia<\/td>\n<td>contactor<\/td>\n<td>Empaque Y: Paquete de caja individual \u2013: Paquete a granel de f\u00e1brica<\/td>\n<td>2 polos<\/td>\n<td>Voltaje de la bobina<\/td>\n<td>Clasificaci\u00f3n de corriente<\/td>\n<td>Terminal<\/td>\n<td><\/td>\n<\/tr>\n<\/tbody>\n<\/table>\n<\/td>\n<\/tr>\n<tr>\n<td colspan=\"2\"><strong>*Explicaci\u00f3n del producto y principal par\u00e1metro t\u00e9cnico<\/strong><\/td>\n<\/tr>\n<tr>\n<td colspan=\"2\">\n<table border=\"0\" width=\"97%\" cellspacing=\"1\" cellpadding=\"5\" align=\"center\">\n<tbody>\n<tr>\n<td>Tipo<\/td>\n<td colspan=\"2\">HLC-2XW04GG(2P\/40A\/380-400VAC) Contactor de prop\u00f3sito definido<\/td>\n<\/tr>\n<tr>\n<td><strong>Est\u00e1ndar<\/strong><\/td>\n<td>IEC60947<\/td>\n<td>UL508<\/td>\n<\/tr>\n<tr>\n<td>Clasificaci\u00f3n de corriente<\/td>\n<td>es decir, 40A<\/td>\n<td>FLA: 40A<\/td>\n<\/tr>\n<tr>\n<td><strong>Amperios resistivos<\/strong><\/td>\n<td>Ith 50A<\/td>\n<td>RES: 50A<\/td>\n<\/tr>\n<tr>\n<td>Clasificaci\u00f3n de voltaje de los contactos<\/td>\n<td>UE 240\/277V<\/td>\n<td>240\/277\/480\/600 VCA<\/td>\n<\/tr>\n<tr>\n<td><strong>Clasificaci\u00f3n de voltaje de aislamiento<\/strong><\/td>\n<td>interfaz de usuario 660V<\/td>\n<td>600V<\/td>\n<\/tr>\n<tr>\n<td><strong>Clasificaci\u00f3n de voltaje de bobina<\/strong><\/td>\n<td><\/td>\n<td>EE. UU.: 380-400 V CA 50\/60 Hz<\/td>\n<\/tr>\n<tr>\n<td><strong>Vida mec\u00e1nica<\/strong><\/td>\n<td>1000,000 Ciclo<\/td>\n<td>1000,000 Ciclo<\/td>\n<\/tr>\n<tr>\n<td><strong>vida electrica<\/strong><\/td>\n<td>100.000 ciclo<\/td>\n<td>250.000 ciclo<\/td>\n<\/tr>\n<tr>\n<td rowspan=\"2\"><strong>Producto Explicaci\u00f3n<\/strong><\/td>\n<td colspan=\"2\"><strong>1. Descripci\u00f3n del producto<\/strong><\/p>\n<p>HLC-2XW04GG es adecuado para intercambios de 50 o 60 Hz, voltaje de trabajo fijo a 277 V, corriente de funcionamiento fija a 40 A Control de circuito de carga monof\u00e1sico, en la actualidad, se aplica ampliamente al circuito principal del dispositivo mec\u00e1nico monof\u00e1sico, as\u00ed como al monof\u00e1sico Control del compresor del aire acondicionado.<\/p>\n<p><strong>2. La condici\u00f3n de servicio regular e instala la condici\u00f3n<\/strong><br \/>\nuna. En la temperatura del aire circundante, el valor l\u00edmite es +65, se obtiene<br \/>\nAbajo el valor l\u00edmite es -25<br \/>\nb. La elevaci\u00f3n del sitio de instalaci\u00f3n no supera los 2000 m<br \/>\nC. El rango de contaminaci\u00f3n del aire es de 2 niveles<br \/>\nd. Instala La Categor\u00eda Es Ii;<br \/>\nmi. La Cuota Frente A La Gradiente No Supera \u00b15\u00b0<br \/>\nF. No Destacable Lugar De Ondulaci\u00f3n, Impacto Y Vibraci\u00f3n.<\/p>\n<p><strong>3. Par\u00e1metro t\u00e9cnico principal<\/strong><br \/>\nuna. Bobina del contactor recogiendo en 75% ~ 110% nosotros de forma fiable<br \/>\nFuncionando, su voltaje de ca\u00edda en 20% ~ 70%Us<br \/>\nb. Categor\u00eda de uso del contactor: Ac-1Ac8a<br \/>\nC. Contactor con lugar de 0,4 m, su ruido por debajo de 40db.<\/p>\n<p><strong>4 . Especificaciones de instalaci\u00f3n y tama\u00f1o de instalaci\u00f3n<\/strong><\/p>\n<p>una. Instala la forma de fijarse para el tornillo, algunos dos tipos instalan el tama\u00f1o para elegir un tipo de superficie de ajuste de tama\u00f1o y el plano horizontal es el gradiente de forma vertical no es mayor que \u00b1 5 \u00b0<\/p>\n<p>b. Antes del uso debe inspeccionar la terminal de alimentaci\u00f3n y el contactor<br \/>\nConexi\u00f3n r\u00e1pida si llegan insertos, es confiable, evita la creaci\u00f3n<br \/>\nEl desglose, detr\u00e1s de Check Off puede electrificar intentos.<\/td>\n<\/tr>\n<tr>\n<td colspan=\"2\"><\/td>\n<\/tr>\n<\/tbody>\n<\/table>\n<\/td>\n<\/tr>\n<tr>\n<td colspan=\"2\"><strong>*Cumple con el est\u00e1ndar<\/strong><\/td>\n<\/tr>\n<tr>\n<td colspan=\"2\">\n<table border=\"0\" width=\"97%\" cellspacing=\"1\" cellpadding=\"5\" align=\"center\">\n<tbody>\n<tr>\n<td rowspan=\"3\"><strong>Cumple con el est\u00e1ndar nacional y el est\u00e1ndar internacional<\/strong><\/td>\n<td>1 Cumple con\u00a0<strong>UL508, IEC60947, GB14048<\/strong>Est\u00e1ndar<\/td>\n<\/tr>\n<tr>\n<td>2 Aprobado por\u00a0<strong>UL, CUL, TUV, CE, CCC<\/strong>,Certificaci\u00f3n segura y\u00a0<strong>ISO 9001<\/strong>\u00a0Certificaci\u00f3n del sistema (SGS)<\/td>\n<\/tr>\n<tr>\n<td><strong>N\u00famero de certificado CCC:<\/strong>\u00a0 2005010309156761<\/p>\n<p><strong>N\u00famero de archivos UL:<\/strong>\u00a0E251539<\/td>\n<\/tr>\n<\/tbody>\n<\/table>\n<\/td>\n<\/tr>\n<tr>\n<td colspan=\"2\"><strong>*Solicitud de pedido<\/strong><\/td>\n<\/tr>\n<tr>\n<td colspan=\"2\"><strong>Para garantizarle el derecho de compra, lea el tipo especificado antes del pedido.<\/strong><\/p>\n<p>Modelo de especificaci\u00f3n del contactor, n\u00famero de polo, voltaje de control de la bobina, clasificaci\u00f3n de la corriente de funcionamiento, forma de cableado (terminal), ya sea con cubierta, forma de embalaje, etc.<\/p>\n<table border=\"0\" width=\"97%\" cellspacing=\"1\" cellpadding=\"5\" align=\"center\">\n<tbody>\n<tr>\n<td><\/td>\n<\/tr>\n<tr>\n<td>Si solicita lo siguiente: corriente nominal: 40 A, voltaje de funcionamiento: 240\/277 V, 480 V, 600 V, n\u00famero de polo: un polo sin derivaci\u00f3n, voltaje de control de bobina: 208-240 V, forma de cableado: conexi\u00f3n r\u00e1pida, corriente de carga: monof\u00e1sico Controles de motor o carga de calefacci\u00f3n, embalaje: 50\/cada caja (embalaje de f\u00e1brica), con la cubierta. Entonces puede elegir el tipo:\u00a0<strong>HLC-2XW04GG<\/strong><\/td>\n<\/tr>\n<\/tbody>\n<\/table>\n<p><strong>Levanta las muestras de la siguiente manera (contiene el tipo de derivaci\u00f3n de este modelo)<\/strong><\/p>\n<table border=\"0\" width=\"97%\" cellspacing=\"1\" cellpadding=\"5\" align=\"center\">\n<tbody>\n<tr>\n<td rowspan=\"2\">Clasificaci\u00f3n de corriente<\/p>\n<p><strong>Es decir<\/strong><\/td>\n<td rowspan=\"2\"><strong>Polo<\/strong><\/td>\n<td colspan=\"5\"><strong>Valor nominal del voltaje de control de la bobina<\/strong><\/td>\n<td><strong>Potencia del motor de control<\/strong><\/td>\n<\/tr>\n<tr>\n<td>24 VCA<\/td>\n<td>120 VCA<\/td>\n<td>208\/240 VCA<\/td>\n<td>277 VCA<\/td>\n<td>380\/480 VCA<\/td>\n<td>240 VCA<\/td>\n<\/tr>\n<tr>\n<td>40A<\/td>\n<td>2P<\/td>\n<td>HLC-2XQ04GG<\/td>\n<td>HLC-2XT04GG<\/td>\n<td>HLC-2XU04GG<\/td>\n<td>HLC-2XV04GG<\/td>\n<td><strong>HLC-2XW04GG<\/strong><\/td>\n<td>2.5Kw<\/td>\n<\/tr>\n<\/tbody>\n<\/table>\n<\/td>\n<\/tr>\n<\/tbody>\n<\/table>","protected":false},"excerpt":{"rendered":"<p>*Applicable and Description 1. Applicable Scope HLC-2XW04GG(2P\/40A\/380-400VAC) Definite Purpose Contactor(Follow Defers To DP Contactor),Mainly Is Suitable For 50Hz Or 60Hz, When The AC-8a Use Category Fixed Working Voltage Is 240V Or 277V The Nominal Current Up To The 40A Electric Circuit, Is Suitable For The Starting And The Control Single-Phase Motor (Or Compressor) And Other [&hellip;]<\/p>\n","protected":false},"featured_media":3679,"comment_status":"open","ping_status":"closed","template":"","meta":{"_coblocks_attr":"","_coblocks_dimensions":"","_coblocks_responsive_height":"","_coblocks_accordion_ie_support":"","om_disable_all_campaigns":false,"_monsterinsights_skip_tracking":false,"_monsterinsights_sitenote_active":false,"_monsterinsights_sitenote_note":"","_monsterinsights_sitenote_category":0,"_uf_show_specific_survey":0,"_uf_disable_surveys":false,"_kadence_starter_templates_imported_post":false,"jetpack_post_was_ever_published":false,"jetpack_publicize_message":"","jetpack_publicize_feature_enabled":true,"jetpack_social_post_already_shared":true,"jetpack_social_options":{"image_generator_settings":{"template":"highway","default_image_id":0,"font":"","enabled":false},"version":2},"_wpas_customize_per_network":false},"product_brand":[],"product_cat":[703764141,703764283,703764279,703764113,703764257,703764218,703764130,703764140,703764125,703764131,703764132],"product_tag":[703764119],"class_list":{"0":"post-3678","1":"product","2":"type-product","3":"status-publish","4":"has-post-thumbnail","6":"product_cat-ac-contactor","7":"product_cat-ac-contactors","8":"product_cat-compressor","9":"product_cat-contactor","10":"product_cat-contactors","11":"product_cat-definite-purpose-contactor","12":"product_cat-definite-purpose-contactors","13":"product_cat-dp-contactor","14":"product_cat-electronic-equipment","15":"product_cat-hvacr-parts","16":"product_cat-low-voltage-electrical","17":"product_tag-definite-purpose-contactors","19":"first","20":"instock","21":"taxable","22":"shipping-taxable","23":"purchasable","24":"product-type-simple"},"aioseo_notices":[],"jetpack_publicize_connections":[],"jetpack_likes_enabled":true,"jetpack_sharing_enabled":true,"jetpack-related-posts":[],"_links":{"self":[{"href":"https:\/\/goodspec.blog\/es\/wp-json\/wp\/v2\/product\/3678","targetHints":{"allow":["GET"]}}],"collection":[{"href":"https:\/\/goodspec.blog\/es\/wp-json\/wp\/v2\/product"}],"about":[{"href":"https:\/\/goodspec.blog\/es\/wp-json\/wp\/v2\/types\/product"}],"replies":[{"embeddable":true,"href":"https:\/\/goodspec.blog\/es\/wp-json\/wp\/v2\/comments?post=3678"}],"version-history":[{"count":1,"href":"https:\/\/goodspec.blog\/es\/wp-json\/wp\/v2\/product\/3678\/revisions"}],"predecessor-version":[{"id":7817,"href":"https:\/\/goodspec.blog\/es\/wp-json\/wp\/v2\/product\/3678\/revisions\/7817"}],"wp:featuredmedia":[{"embeddable":true,"href":"https:\/\/goodspec.blog\/es\/wp-json\/wp\/v2\/media\/3679"}],"wp:attachment":[{"href":"https:\/\/goodspec.blog\/es\/wp-json\/wp\/v2\/media?parent=3678"}],"wp:term":[{"taxonomy":"product_brand","embeddable":true,"href":"https:\/\/goodspec.blog\/es\/wp-json\/wp\/v2\/product_brand?post=3678"},{"taxonomy":"product_cat","embeddable":true,"href":"https:\/\/goodspec.blog\/es\/wp-json\/wp\/v2\/product_cat?post=3678"},{"taxonomy":"product_tag","embeddable":true,"href":"https:\/\/goodspec.blog\/es\/wp-json\/wp\/v2\/product_tag?post=3678"}],"curies":[{"name":"gracias","href":"https:\/\/api.w.org\/{rel}","templated":true}]}}