{"id":3475,"date":"2018-09-07T08:07:58","date_gmt":"2018-09-07T08:07:58","guid":{"rendered":"https:\/\/sino-hongli.com\/?post_type=product&amp;p=3475"},"modified":"2018-09-07T08:07:58","modified_gmt":"2018-09-07T08:07:58","slug":"hlc-3xw02cy-3p-30a-380-400vac-definite-purpose-contactor","status":"publish","type":"product","link":"https:\/\/goodspec.blog\/es\/producto\/hlc-3xw02cy-3p-30a-380-400vac-definite-purpose-contactor\/","title":{"rendered":"HLC-3XW02CY(3P\/30A\/380-400VAC)CONTACTOR DE PROP\u00d3SITO DEFINITIVO"},"content":{"rendered":"<table width=\"930\" cellspacing=\"0\" cellpadding=\"0\" border=\"0\">\n<tbody>\n<tr>\n<td height=\"30\">\n<p>Aplicable y Descripci\u00f3n<\/p>\n<\/td>\n<\/tr>\n<tr>\n<td>\n<span>1. \u00c1mbito aplicable<\/span><br \/><strong>HLC-3XW02CY(3P\/30A\/380-400VAC)Contactor de prop\u00f3sito definido<\/strong>(Contactor DP), principalmente es adecuado para 50 Hz o 60 Hz, cuando el voltaje de trabajo fijo de la categor\u00eda de uso AC-8a es de 277 V o 600 V, la corriente nominal hasta el circuito el\u00e9ctrico de 30 A, es adecuado para el arranque y el motor trif\u00e1sico de control ( o compresor) y otras cargas trif\u00e1sicas. Se utiliza principalmente en la profesi\u00f3n de electrodom\u00e9sticos, especialmente en la profesi\u00f3n de aire acondicionado, cumple con los est\u00e1ndares IEC60947, UL508 y GB14048.<\/td>\n<\/tr>\n<tr>\n<td height=\"30\"><span>2. Tipo y Significado<\/span><\/td>\n<\/tr>\n<tr>\n<td valign=\"top\">\n<table width=\"100%\" cellspacing=\"1\" cellpadding=\"5\" border=\"0\" bgcolor=\"#999999\">\n<tbody>\n<tr bgcolor=\"#f8f8f8\" align=\"center\">\n<td width=\"13%\">NS<\/td>\n<td width=\"12%\">C<\/td>\n<td width=\"21%\">\u2013<\/td>\n<td width=\"9%\">3X<\/td>\n<td width=\"12%\">W<\/td>\n<td width=\"11%\">02<\/td>\n<td width=\"22%\">CY<\/td>\n<\/tr>\n<tr bgcolor=\"#f8f8f8\" align=\"center\">\n<td>Codigo de compa\u00f1ia<\/td>\n<td>contactor<\/td>\n<td>Embalaje<span>\u00a0<\/span><br \/>Y : Paquete de caja individual \u00a0\u00a0<span>\u00a0<\/span><br \/>\u2013 : Paquete a granel de f\u00e1brica\u00a0 \u00a0\u00a0 \u00a0<\/td>\n<td>3 polos<\/td>\n<td>Voltaje de la bobina<br \/>380-400 VCA<\/td>\n<td>Clasificaci\u00f3n de corriente<\/td>\n<td>#10-32 Tornillo combinado con control de calidad doble<\/td>\n<\/tr>\n<\/tbody>\n<\/table>\n<\/td>\n<\/tr>\n<tr>\n<td height=\"30\">Explicaci\u00f3n del producto y par\u00e1metro t\u00e9cnico principal<\/td>\n<\/tr>\n<tr>\n<td valign=\"top\">\n<table cellspacing=\"1\" cellpadding=\"5\" border=\"0\" align=\"center\">\n<tbody>\n<tr>\n<td width=\"16%\">Tipo<\/td>\n<td width=\"84%\">HLC-3XW02CY(3P\/30A\/380-400VAC)Contactor de prop\u00f3sito definido<\/td>\n<\/tr>\n<tr>\n<td>Corriente nominal<\/td>\n<td>Es decir: 30A<\/td>\n<\/tr>\n<tr>\n<td>Tensi\u00f3n nominal<\/td>\n<td>UE: 240\/277V<\/td>\n<\/tr>\n<tr>\n<td><strong>Voltaje de aislamiento<\/strong><\/td>\n<td>interfaz de usuario: 660V<\/td>\n<\/tr>\n<tr>\n<td><strong>Voltaje de la bobina<\/strong><\/td>\n<td>Nosotros: 380-400V<\/td>\n<\/tr>\n<tr>\n<td><strong>Vida mec\u00e1nica<\/strong><\/td>\n<td>1000,000 Ciclo<\/td>\n<\/tr>\n<tr>\n<td><strong>Vida el\u00e9ctrica<\/strong><\/td>\n<td>100.000 ciclo<\/td>\n<\/tr>\n<tr>\n<td align=\"center\" rowspan=\"3\"><strong>Producto Explicaci\u00f3n<\/strong><\/td>\n<td>\n<p><strong>1. Descripci\u00f3n del producto<\/strong><\/p>\n<p>HLC-3XW02CY es adecuado para intercambios de 50 o 60 Hz, voltaje de trabajo fijo a 600 V, corriente de funcionamiento fija a 20 A Control de circuito de carga trif\u00e1sico, en la actualidad, se aplica ampliamente al circuito principal del dispositivo mec\u00e1nico trif\u00e1sico, as\u00ed como al trif\u00e1sico Control del compresor del aire acondicionado.<\/p>\n<p><strong>2. La condici\u00f3n de servicio regular e instala la condici\u00f3n<\/strong>\u00a0<br \/>una. En la temperatura del aire circundante, el valor l\u00edmite es +65, se obtiene\u00a0<br \/>Abajo el valor l\u00edmite es -25\u00a0<br \/>b. La elevaci\u00f3n del sitio de instalaci\u00f3n no supera los 2000 m\u00a0<br \/>C. El rango de contaminaci\u00f3n del aire es de 2 niveles\u00a0<br \/>d. Instala La Categor\u00eda Es Ii;\u00a0<br \/>mi. La Cuota Frente A La Gradiente No Supera \u00b15\u00b0\u00a0<br \/>F. No Destacable Lugar De Ondulaci\u00f3n, Impacto Y Vibraci\u00f3n.<\/p>\n<p><strong>3. Par\u00e1metro t\u00e9cnico principal<\/strong>\u00a0<br \/>una. Bobina del contactor recogiendo en 75% ~ 110% nosotros de forma fiable\u00a0<br \/>Funcionando, su voltaje de ca\u00edda en 20% ~ 70%Us\u00a0<br \/>b. Categor\u00eda de uso del contactor: Ac-1Ac8a\u00a0<br \/>C. Contactor con lugar de 0,4 m, su ruido por debajo de 40db.<\/p>\n<p><strong>4 . Especificaciones de instalaci\u00f3n y tama\u00f1o de instalaci\u00f3n<\/strong><\/p>\n<p>una. Instala la forma de fijarse para el tornillo, algunos dos tipos instalan el tama\u00f1o para elegir un tipo de superficie de ajuste de tama\u00f1o y el plano horizontal es el gradiente de forma vertical no es mayor que \u00b1 5 \u00b0<\/p>\n<p>b. Antes del uso debe inspeccionar la terminal de alimentaci\u00f3n y el contactor\u00a0<br \/>Conexi\u00f3n r\u00e1pida si llegan insertos, es confiable, evita la creaci\u00f3n\u00a0<br \/>El desglose, detr\u00e1s de Check Off puede electrificar intentos.\u00a0<\/p>\n<\/td>\n<\/tr>\n<tr>\n<td>\u00a0<\/td>\n<\/tr>\n<\/tbody>\n<\/table>\n<\/td>\n<\/tr>\n<tr>\n<td height=\"30\">Cumple con el est\u00e1ndar<\/td>\n<\/tr>\n<tr>\n<td valign=\"top\">\n<table width=\"100%\" cellspacing=\"1\" cellpadding=\"5\" border=\"0\" bgcolor=\"#999999\" align=\"center\" id=\"table2\">\n<tbody>\n<tr bgcolor=\"#f8f8f8\">\n<td width=\"21%\" rowspan=\"3\"><strong>Cumple con el est\u00e1ndar internacional<\/strong><\/td>\n<td width=\"79%\">\n<span color=\"red\" style=\"color: red;\">1,<\/span>De acuerdo a\u00a0<strong>UL508, IEC60947, GB14048<\/strong>\u00a0Est\u00e1ndar.<\/td>\n<\/tr>\n<tr bgcolor=\"#f8f8f8\">\n<td>\n<span color=\"red\" style=\"color: red;\">2,<\/span>Aprobado por\u00a0<strong>UL, CUL, TUV, CE, CCC<\/strong>\u00a0y\u00a0<strong>ISO 9001<\/strong>\u00a0Certificaci\u00f3n del sistema (SGS)\u3002<\/td>\n<\/tr>\n<tr bgcolor=\"#f8f8f8\">\n<td>N\u00famero de archivos UL:\u00a0\u00a0\u00a0<strong>E251539<\/strong><br \/>N\u00famero de archivos CCC:<span>\u00a0<\/span><strong>2005010309156761<\/strong>\n<\/td>\n<\/tr>\n<\/tbody>\n<\/table>\n<\/td>\n<\/tr>\n<tr>\n<td height=\"30\">Solicitud de pedido<\/td>\n<\/tr>\n<tr>\n<td><b>Para garantizar su derecho de compra, lea el tipo especificado antes del pedido.<\/b><\/td>\n<\/tr>\n<tr>\n<td>Modelo de especificaci\u00f3n del contactor, n\u00famero de polo, voltaje de control de la bobina, clasificaci\u00f3n de la corriente de funcionamiento, forma de cableado (terminal), ya sea con cubierta, forma de embalaje, etc.<\/td>\n<\/tr>\n<tr>\n<td valign=\"top\" bgcolor=\"#F8F8F8\">Si solicita lo siguiente: Corriente nominal: 30 A, Voltaje de trabajo: 240\/277 V, 480 V, 600 V, N\u00famero de polos: Tres polos sin derivaci\u00f3n, Voltaje de control de bobina: 120 V, Forma de cableado: Conexi\u00f3n r\u00e1pida, Corriente de carga: Controles de motor trif\u00e1sico O carga de calefacci\u00f3n, embalaje: 25\/cada caja (embalaje de f\u00e1brica), con la cubierta. Entonces puede elegir el tipo:\u00a0<span color=\"red\" style=\"color: red;\"><strong>HLC-3XW02CY<\/strong><\/span>\n<\/td>\n<\/tr>\n<tr>\n<td valign=\"top\">Levanta las muestras de la siguiente manera (contiene el tipo de derivaci\u00f3n de este modelo)<\/p>\n<table cellspacing=\"1\" cellpadding=\"5\" border=\"0\" bgcolor=\"#999999\" align=\"center\">\n<tbody>\n<tr bgcolor=\"#f8f8f8\" align=\"center\">\n<td width=\"13%\" rowspan=\"2\">Corriente nominal<br \/>(Es decir)<\/td>\n<td width=\"5%\" rowspan=\"2\">Polo<\/td>\n<td colspan=\"5\"><strong>Valor nominal del voltaje de control de la bobina<\/strong><\/td>\n<td width=\"14%\"><strong>Potencia del motor de control<\/strong><\/td>\n<\/tr>\n<tr bgcolor=\"#f8f8f8\" align=\"center\">\n<td width=\"15%\">24 VCA<\/td>\n<td width=\"14%\">120 VCA<\/td>\n<td width=\"13%\">208\/240 VCA<\/td>\n<td width=\"13%\">277 VCA<\/td>\n<td width=\"13%\">400 VCA<\/td>\n<td>240 VCA<\/td>\n<\/tr>\n<tr bgcolor=\"#f8f8f8\" align=\"center\">\n<td>30A<\/td>\n<td>3P<\/td>\n<td>HLC-3XQ02CY<\/td>\n<td>HLC-3XT02CY<\/td>\n<td>HLC-3XU02CY<\/td>\n<td>HLC-3XV02CY<\/td>\n<td>\u00a0<span color=\"red\" style=\"color: red;\"><strong>HLC-3XW02CY<\/strong><\/span>\n<\/td>\n<td>7.5Kw<\/td>\n<\/tr>\n<\/tbody>\n<\/table>\n<\/td>\n<\/tr>\n<\/tbody>\n<\/table>","protected":false},"excerpt":{"rendered":"<p>Applicable and Description 1. Applicable ScopeHLC-3XW02CY(3P\/30A\/380-400VAC)Definite Purpose Contactor(DP Contactor),Mainly Is Suitable For 50Hz Or 60Hz, When The AC-8a Use Category Fixed Working Voltage Is 277V Or 600V The Nominal Current Up To The 30A Electric Circuit, Is Suitable For The Starting And The Control Three-Phase Motor (Or Compressor) And Other Three-Phase Loads.Mainly Uses In The [&hellip;]<\/p>\n","protected":false},"featured_media":3476,"comment_status":"open","ping_status":"open","template":"","meta":{"_coblocks_attr":"","_coblocks_dimensions":"","_coblocks_responsive_height":"","_coblocks_accordion_ie_support":"","om_disable_all_campaigns":false,"_monsterinsights_skip_tracking":false,"_monsterinsights_sitenote_active":false,"_monsterinsights_sitenote_note":"","_monsterinsights_sitenote_category":0,"_uf_show_specific_survey":0,"_uf_disable_surveys":false,"_kadence_starter_templates_imported_post":false,"jetpack_post_was_ever_published":false,"jetpack_publicize_message":"","jetpack_publicize_feature_enabled":true,"jetpack_social_post_already_shared":true,"jetpack_social_options":{"image_generator_settings":{"template":"highway","default_image_id":0,"font":"","enabled":false},"version":2},"_wpas_customize_per_network":false},"product_brand":[],"product_cat":[703764113,703764130],"product_tag":[703764119],"class_list":{"0":"post-3475","1":"product","2":"type-product","3":"status-publish","4":"has-post-thumbnail","6":"product_cat-contactor","7":"product_cat-definite-purpose-contactors","8":"product_tag-definite-purpose-contactors","10":"first","11":"instock","12":"taxable","13":"shipping-taxable","14":"purchasable","15":"product-type-simple"},"aioseo_notices":[],"jetpack_publicize_connections":[],"jetpack_likes_enabled":true,"jetpack_sharing_enabled":true,"jetpack-related-posts":[],"_links":{"self":[{"href":"https:\/\/goodspec.blog\/es\/wp-json\/wp\/v2\/product\/3475","targetHints":{"allow":["GET"]}}],"collection":[{"href":"https:\/\/goodspec.blog\/es\/wp-json\/wp\/v2\/product"}],"about":[{"href":"https:\/\/goodspec.blog\/es\/wp-json\/wp\/v2\/types\/product"}],"replies":[{"embeddable":true,"href":"https:\/\/goodspec.blog\/es\/wp-json\/wp\/v2\/comments?post=3475"}],"version-history":[{"count":0,"href":"https:\/\/goodspec.blog\/es\/wp-json\/wp\/v2\/product\/3475\/revisions"}],"wp:featuredmedia":[{"embeddable":true,"href":"https:\/\/goodspec.blog\/es\/wp-json\/wp\/v2\/media\/3476"}],"wp:attachment":[{"href":"https:\/\/goodspec.blog\/es\/wp-json\/wp\/v2\/media?parent=3475"}],"wp:term":[{"taxonomy":"product_brand","embeddable":true,"href":"https:\/\/goodspec.blog\/es\/wp-json\/wp\/v2\/product_brand?post=3475"},{"taxonomy":"product_cat","embeddable":true,"href":"https:\/\/goodspec.blog\/es\/wp-json\/wp\/v2\/product_cat?post=3475"},{"taxonomy":"product_tag","embeddable":true,"href":"https:\/\/goodspec.blog\/es\/wp-json\/wp\/v2\/product_tag?post=3475"}],"curies":[{"name":"gracias","href":"https:\/\/api.w.org\/{rel}","templated":true}]}}