{"id":3371,"date":"2018-09-06T15:35:33","date_gmt":"2018-09-06T15:35:33","guid":{"rendered":"https:\/\/sino-hongli.com\/?post_type=product&amp;p=3371"},"modified":"2018-09-06T15:35:33","modified_gmt":"2018-09-06T15:35:33","slug":"hlc-1nq04gg-1p-40a-24vac-definite-purpose-contactor","status":"publish","type":"product","link":"https:\/\/goodspec.blog\/es\/producto\/hlc-1nq04gg-1p-40a-24vac-definite-purpose-contactor\/","title":{"rendered":"CONTACTOR DE PROP\u00d3SITO DEFINITIVO HLC-1NQ04GG(1P\/40A\/24VAC)"},"content":{"rendered":"<table width=\"564\" cellspacing=\"0\" cellpadding=\"2\" border=\"0\">\n<tbody>\n<tr>\n<td colspan=\"2\"><strong><span>*Aplicable y Descripci\u00f3n<\/span><\/strong><\/td>\n<\/tr>\n<tr>\n<td colspan=\"2\">\n<table width=\"97%\" cellspacing=\"1\" cellpadding=\"5\" border=\"0\" align=\"center\">\n<tbody>\n<tr>\n<td>\n<p><strong>1. \u00c1mbito aplicable<\/strong><\/p>\n<p><span>HLC-1NQ04GG(1P\/40A\/24VAC) Contactor de prop\u00f3sito definido<\/span>(Siga el contactor DP), principalmente es adecuado para 50 Hz o 60 Hz, cuando el voltaje de trabajo fijo de la categor\u00eda de uso AC-8a es de 240 V o 277 V, la corriente nominal hasta el circuito el\u00e9ctrico de 40 A es adecuado para el arranque y el control individual. Motor de fase (o compresor) y otras cargas monof\u00e1sicas. Se utiliza principalmente en la profesi\u00f3n de electrodom\u00e9sticos, especialmente en la profesi\u00f3n de aire acondicionado, cumple con los est\u00e1ndares IEC60947, UL508 y GB14048.<\/p>\n<\/td>\n<\/tr>\n<tr>\n<td>\n<p><strong>2.Tipo y Significado<\/strong><\/p>\n<p>\u00a0<\/p>\n<\/td>\n<\/tr>\n<\/tbody>\n<\/table>\n<table width=\"97%\" cellspacing=\"1\" cellpadding=\"5\" border=\"0\" align=\"center\">\n<tbody>\n<tr>\n<td><strong>NS<\/strong><\/td>\n<td><strong>C<\/strong><\/td>\n<td><strong>\u2013<\/strong><\/td>\n<td><strong>1N<\/strong><\/td>\n<td><strong>q<\/strong><\/td>\n<td><strong>04<\/strong><\/td>\n<td><b>GG<\/b><\/td>\n<td>\u00a0<\/td>\n<\/tr>\n<tr>\n<td>Codigo de compa\u00f1ia<\/td>\n<td>contactor<\/td>\n<td>Empaque Y: Paquete de caja individual \u2013: Paquete a granel de f\u00e1brica<\/td>\n<td>Polo: un polo sin derivaci\u00f3n<\/td>\n<td>Voltaje de la bobina<\/td>\n<td>Clasificaci\u00f3n de corriente<\/td>\n<td>Terminal<\/td>\n<td>\u00a0<\/td>\n<\/tr>\n<\/tbody>\n<\/table>\n<\/td>\n<\/tr>\n<tr>\n<td colspan=\"2\"><strong><span>*Explicaci\u00f3n del producto y principal par\u00e1metro t\u00e9cnico<\/span><\/strong><\/td>\n<\/tr>\n<tr>\n<td colspan=\"2\">\n<table width=\"97%\" cellspacing=\"1\" cellpadding=\"5\" border=\"0\" align=\"center\">\n<tbody>\n<tr>\n<td>Tipo<\/td>\n<td colspan=\"2\"><span>HLC-1NQ04GG(1P\/40A\/24VAC) Contactor de prop\u00f3sito definido<\/span><\/td>\n<\/tr>\n<tr>\n<td><strong>Est\u00e1ndar<\/strong><\/td>\n<td>IEC60947<\/td>\n<td>UL508<\/td>\n<\/tr>\n<tr>\n<td>Clasificaci\u00f3n de corriente<\/td>\n<td>es decir, 40A<\/td>\n<td>FLA: 40A<\/td>\n<\/tr>\n<tr>\n<td><strong>Amperios resistivos<\/strong><\/td>\n<td>Ith 50A<\/td>\n<td>RES: 50A<\/td>\n<\/tr>\n<tr>\n<td>Clasificaci\u00f3n de voltaje de los contactos<\/td>\n<td>UE 240\/277V<\/td>\n<td>240\/277\/480\/600 VCA<\/td>\n<\/tr>\n<tr>\n<td><strong>Clasificaci\u00f3n de voltaje de aislamiento<\/strong><\/td>\n<td>interfaz de usuario 660V<\/td>\n<td>600V<\/td>\n<\/tr>\n<tr>\n<td><strong>Clasificaci\u00f3n de voltaje de bobina<\/strong><\/td>\n<td>Nosotros 24V<\/td>\n<td>EE. UU.: 24 V CA 50\/60 Hz<\/td>\n<\/tr>\n<tr>\n<td><strong>Vida mec\u00e1nica<\/strong><\/td>\n<td>1000,000 Ciclo<\/td>\n<td>1000,000 Ciclo<\/td>\n<\/tr>\n<tr>\n<td><strong>vida electrica<\/strong><\/td>\n<td>100.000 ciclo<\/td>\n<td>250.000 ciclo<\/td>\n<\/tr>\n<tr>\n<td rowspan=\"2\"><strong>Producto Explicaci\u00f3n<\/strong><\/td>\n<td colspan=\"2\">\n<p><strong>1. Descripci\u00f3n del producto<\/strong><\/p>\n<p><span>HLC-1NQ04GG(1P\/40A\/24VAC)\u00a0<\/span>Es adecuado para intercambios de 50 o 60 Hz, voltaje de trabajo fijo a 240 V o 277 V, corriente de funcionamiento fija a 40 A Control de circuito de carga monof\u00e1sico, en la actualidad, se aplica ampliamente al circuito principal del dispositivo mec\u00e1nico monof\u00e1sico, as\u00ed como al aire monof\u00e1sico -Control del compresor del acondicionador.<\/p>\n<p><strong>2. La condici\u00f3n de servicio regular e instala la condici\u00f3n<\/strong>\u00a0<br \/>una. En la temperatura del aire circundante, el valor l\u00edmite es +65, se obtiene<br \/>Abajo el valor l\u00edmite es -25\u00a0<br \/>b. La elevaci\u00f3n del sitio de instalaci\u00f3n no supera los 2000 m\u00a0<br \/>C. El rango de contaminaci\u00f3n del aire es de 2 niveles\u00a0<br \/>d. Instala La Categor\u00eda Es Ii;\u00a0<br \/>mi. La Cuota Frente A La Gradiente No Supera \u00b15\u00b0\u00a0<br \/>F. No Destacable Lugar De Ondulaci\u00f3n, Impacto Y Vibraci\u00f3n.<\/p>\n<p><strong>3. Par\u00e1metro t\u00e9cnico principal<\/strong>\u00a0<br \/>una. Bobina del contactor recogiendo en 75% ~ 110% nosotros de forma fiable\u00a0<br \/>Funcionando, su voltaje de ca\u00edda en 20% ~ 70%Us\u00a0<br \/>b. Categor\u00eda de uso del contactor: Ac-1Ac8a\u00a0<br \/>C. Contactor con lugar de 0,4 m, su ruido por debajo de 40db.<\/p>\n<p><strong>4 . Especificaciones de instalaci\u00f3n y tama\u00f1o de instalaci\u00f3n<\/strong><\/p>\n<p>una. Instala la forma de fijarse para el tornillo, algunos dos tipos instalan el tama\u00f1o para elegir un tipo de superficie de ajuste de tama\u00f1o y el plano horizontal es el gradiente de forma vertical no es mayor que \u00b1 5 \u00b0<\/p>\n<p>b. Antes del uso debe inspeccionar la terminal de alimentaci\u00f3n y el contactor\u00a0<br \/>Conexi\u00f3n r\u00e1pida si llegan insertos, es confiable, evita la creaci\u00f3n\u00a0<br \/>El desglose, detr\u00e1s de Check Off puede electrificar intentos.\u00a0<\/p>\n<p>\u00a0<\/p>\n<\/td>\n<\/tr>\n<tr>\n<td colspan=\"2\">\n<p>\u00a0<\/p>\n<\/td>\n<\/tr>\n<\/tbody>\n<\/table>\n<p>\u00a0<\/p>\n<\/td>\n<\/tr>\n<tr>\n<td colspan=\"2\"><span><strong>*Cumple con el est\u00e1ndar<\/strong><\/span><\/td>\n<\/tr>\n<tr>\n<td colspan=\"2\">\n<table width=\"97%\" cellspacing=\"1\" cellpadding=\"5\" border=\"0\" align=\"center\">\n<tbody>\n<tr>\n<td rowspan=\"3\">\n<p><strong>Cumple con el est\u00e1ndar nacional y el est\u00e1ndar internacional<\/strong><\/p>\n<p>\u00a0<\/p>\n<\/td>\n<td>1 Cumple con\u00a0<strong>UL508, IEC60947, GB14048<\/strong>Est\u00e1ndar<\/td>\n<\/tr>\n<tr>\n<td>2 Aprobado por\u00a0<strong>UL, CUL, TUV, CE, CCC<\/strong>,Certificaci\u00f3n segura y\u00a0<strong>ISO 9001<\/strong>\u00a0Certificaci\u00f3n del sistema (SGS)<\/td>\n<\/tr>\n<tr>\n<td>\n<p><strong>N\u00famero de certificado CCC:<\/strong>\u00a0 2005010309156761<\/p>\n<p><strong>N\u00famero de archivos UL:<\/strong>\u00a0E251539<\/p>\n<\/td>\n<\/tr>\n<\/tbody>\n<\/table>\n<p>\u00a0<\/p>\n<\/td>\n<\/tr>\n<tr>\n<td colspan=\"2\"><strong><span>*Solicitud de pedido<\/span><\/strong><\/td>\n<\/tr>\n<tr>\n<td colspan=\"2\">\n<p><strong>Para garantizarle el derecho de compra, lea el tipo especificado antes del pedido.<\/strong>\u00a0<\/p>\n<p>Modelo de especificaci\u00f3n del contactor, n\u00famero de polo, voltaje de control de la bobina, clasificaci\u00f3n de la corriente de funcionamiento, forma de cableado (terminal), ya sea con cubierta, forma de embalaje, etc.<\/p>\n<table width=\"97%\" cellspacing=\"1\" cellpadding=\"5\" border=\"0\" align=\"center\">\n<tbody>\n<tr>\n<td>\u00a0<\/td>\n<\/tr>\n<tr>\n<td>Si solicita lo siguiente: Corriente nominal: 40 A, Voltaje de trabajo: 240\/277 V, 480 V, 600 V, N\u00famero de polo: Un polo sin derivaci\u00f3n, Voltaje de control de bobina: 24 V, Forma de cableado: Conexi\u00f3n r\u00e1pida, Corriente de carga: Controles de motor monof\u00e1sico O carga de calefacci\u00f3n, embalaje: 50\/cada caja (embalaje de f\u00e1brica), con la cubierta. Entonces puede elegir el tipo:\u00a0<strong>HLC-1NQ04GG<\/strong>\n<\/td>\n<\/tr>\n<\/tbody>\n<\/table>\n<p><strong>Levanta las muestras de la siguiente manera (contiene el tipo de derivaci\u00f3n de este modelo)<\/strong>\u00a0<\/p>\n<table width=\"97%\" cellspacing=\"1\" cellpadding=\"5\" border=\"0\" align=\"center\">\n<tbody>\n<tr>\n<td rowspan=\"2\">Clasificaci\u00f3n de corriente<\/p>\n<p><strong>Es decir<\/strong><\/p>\n<\/td>\n<td rowspan=\"2\"><strong>Polo<\/strong><\/td>\n<td colspan=\"5\">\n<strong>Valor nominal del voltaje de control de la bobina<\/strong>\u00a0<\/td>\n<td><strong>Potencia del motor de control<\/strong><\/td>\n<\/tr>\n<tr>\n<td>24 VCA<\/td>\n<td>120 VCA<\/td>\n<td>208\/240 VCA<\/td>\n<td>277 VCA<\/td>\n<td>380\/480 VCA<\/td>\n<td>240 VCA<\/td>\n<\/tr>\n<tr>\n<td>40A<\/td>\n<td>\n<p>1P<\/p>\n<\/td>\n<td><strong>HLC-1NQ04GG<\/strong><\/td>\n<td><span>HLC-1NT04GG<\/span><\/td>\n<td><span>HLC-1NU04GG<\/span><\/td>\n<td><span>HLC-1NV04GG<\/span><\/td>\n<td><span>HLC-1NW04GG<\/span><\/td>\n<td>2.5Kw<\/td>\n<\/tr>\n<\/tbody>\n<\/table>\n<\/td>\n<\/tr>\n<\/tbody>\n<\/table>","protected":false},"excerpt":{"rendered":"<p>*Applicable and Description 1. Applicable Scope HLC-1NQ04GG(1P\/40A\/24VAC) Definite Purpose Contactor(Follow Defers To DP Contactor),Mainly Is Suitable For 50Hz Or 60Hz, When The AC-8a Use Category Fixed Working Voltage Is 240V Or 277V The Nominal Current Up To The 40A Electric Circuit, Is Suitable For The Starting And The Control Single-Phase Motor (Or Compressor) And Other [&hellip;]<\/p>\n","protected":false},"featured_media":3372,"comment_status":"open","ping_status":"open","template":"","meta":{"_coblocks_attr":"","_coblocks_dimensions":"","_coblocks_responsive_height":"","_coblocks_accordion_ie_support":"","om_disable_all_campaigns":false,"_monsterinsights_skip_tracking":false,"_monsterinsights_sitenote_active":false,"_monsterinsights_sitenote_note":"","_monsterinsights_sitenote_category":0,"_uf_show_specific_survey":0,"_uf_disable_surveys":false,"_kadence_starter_templates_imported_post":false,"jetpack_post_was_ever_published":false,"jetpack_publicize_message":"","jetpack_publicize_feature_enabled":true,"jetpack_social_post_already_shared":true,"jetpack_social_options":{"image_generator_settings":{"template":"highway","default_image_id":0,"font":"","enabled":false},"version":2},"_wpas_customize_per_network":false},"product_brand":[],"product_cat":[703764113],"product_tag":[703764119],"class_list":{"0":"post-3371","1":"product","2":"type-product","3":"status-publish","4":"has-post-thumbnail","6":"product_cat-contactor","7":"product_tag-definite-purpose-contactors","9":"first","10":"instock","11":"taxable","12":"shipping-taxable","13":"purchasable","14":"product-type-simple"},"aioseo_notices":[],"jetpack_publicize_connections":[],"jetpack_likes_enabled":true,"jetpack_sharing_enabled":true,"jetpack-related-posts":[],"_links":{"self":[{"href":"https:\/\/goodspec.blog\/es\/wp-json\/wp\/v2\/product\/3371","targetHints":{"allow":["GET"]}}],"collection":[{"href":"https:\/\/goodspec.blog\/es\/wp-json\/wp\/v2\/product"}],"about":[{"href":"https:\/\/goodspec.blog\/es\/wp-json\/wp\/v2\/types\/product"}],"replies":[{"embeddable":true,"href":"https:\/\/goodspec.blog\/es\/wp-json\/wp\/v2\/comments?post=3371"}],"version-history":[{"count":0,"href":"https:\/\/goodspec.blog\/es\/wp-json\/wp\/v2\/product\/3371\/revisions"}],"wp:featuredmedia":[{"embeddable":true,"href":"https:\/\/goodspec.blog\/es\/wp-json\/wp\/v2\/media\/3372"}],"wp:attachment":[{"href":"https:\/\/goodspec.blog\/es\/wp-json\/wp\/v2\/media?parent=3371"}],"wp:term":[{"taxonomy":"product_brand","embeddable":true,"href":"https:\/\/goodspec.blog\/es\/wp-json\/wp\/v2\/product_brand?post=3371"},{"taxonomy":"product_cat","embeddable":true,"href":"https:\/\/goodspec.blog\/es\/wp-json\/wp\/v2\/product_cat?post=3371"},{"taxonomy":"product_tag","embeddable":true,"href":"https:\/\/goodspec.blog\/es\/wp-json\/wp\/v2\/product_tag?post=3371"}],"curies":[{"name":"gracias","href":"https:\/\/api.w.org\/{rel}","templated":true}]}}